{"id":19,"date":"2025-07-08T19:43:23","date_gmt":"2025-07-08T17:43:23","guid":{"rendered":"http:\/\/prawnik.bartoszlewandowski.com.pl\/?page_id=19"},"modified":"2025-07-23T21:01:19","modified_gmt":"2025-07-23T19:01:19","slug":"strona-domowa","status":"publish","type":"page","link":"https:\/\/prawnik.bartoszlewandowski.com.pl\/","title":{"rendered":"Strona g\u0142\u00f3wna"},"content":{"rendered":"\t\t<div data-elementor-type=\"wp-page\" data-elementor-id=\"19\" class=\"elementor elementor-19\">\n\t\t\t\t<div class=\"elementor-element elementor-element-3b5f932 e-con-full e-flex e-con e-parent\" data-id=\"3b5f932\" data-element_type=\"container\" data-settings=\"{&quot;background_background&quot;:&quot;classic&quot;}\">\n\t\t<div class=\"elementor-element elementor-element-40bf23b e-con-full e-flex e-con e-child\" data-id=\"40bf23b\" data-element_type=\"container\" data-settings=\"{&quot;background_background&quot;:&quot;classic&quot;}\">\n\t\t\t\t<div class=\"elementor-element elementor-element-0c7667f elementor-widget elementor-widget-shortcode\" data-id=\"0c7667f\" data-element_type=\"widget\" data-widget_type=\"shortcode.default\">\n\t\t\t\t<div class=\"elementor-widget-container\">\n\t\t\t\t\t\t\t<div class=\"elementor-shortcode\"><\/div>\n\t\t\t\t\t\t<\/div>\n\t\t\t\t<\/div>\n\t\t\t\t<div class=\"elementor-element elementor-element-5969b40 elementor-widget-divider--view-line elementor-widget elementor-widget-divider\" data-id=\"5969b40\" data-element_type=\"widget\" data-widget_type=\"divider.default\">\n\t\t\t\t<div class=\"elementor-widget-container\">\n\t\t\t\t\t\t\t<div class=\"elementor-divider\">\n\t\t\t<span class=\"elementor-divider-separator\">\n\t\t\t\t\t\t<\/span>\n\t\t<\/div>\n\t\t\t\t\t\t<\/div>\n\t\t\t\t<\/div>\n\t\t\t\t<\/div>\n\t\t\t\t<\/div>\n\t\t<div class=\"elementor-element elementor-element-4c8dedf e-con-full e-flex e-con e-parent\" data-id=\"4c8dedf\" data-element_type=\"container\" data-settings=\"{&quot;background_background&quot;:&quot;classic&quot;}\">\n\t\t<div class=\"elementor-element elementor-element-cb6c00e e-con-full e-flex e-con e-child\" data-id=\"cb6c00e\" data-element_type=\"container\">\n\t\t\t\t<div class=\"elementor-element elementor-element-5b9581c elementor-widget elementor-widget-text-editor\" data-id=\"5b9581c\" data-element_type=\"widget\" data-widget_type=\"text-editor.default\">\n\t\t\t\t<div class=\"elementor-widget-container\">\n\t\t\t\t\t\t\t\t\t<p>Kompleksowa obs\u0142uga prawna dla firm i klient\u00f3w indywidualnych.<\/p>\t\t\t\t\t\t\t\t<\/div>\n\t\t\t\t<\/div>\n\t\t\t\t<\/div>\n\t\t\t\t<\/div>\n\t\t<div class=\"elementor-element elementor-element-1fb1039 e-con-full e-flex e-con e-parent\" data-id=\"1fb1039\" data-element_type=\"container\" data-settings=\"{&quot;background_background&quot;:&quot;classic&quot;}\">\n\t\t<div class=\"elementor-element elementor-element-af9a4e0 e-con-full e-flex e-con e-child\" data-id=\"af9a4e0\" data-element_type=\"container\">\n\t\t\t\t<div class=\"elementor-element elementor-element-3cfdcd2 elementor-widget__width-inherit elementor-widget elementor-widget-image\" data-id=\"3cfdcd2\" data-element_type=\"widget\" data-widget_type=\"image.default\">\n\t\t\t\t<div class=\"elementor-widget-container\">\n\t\t\t\t\t\t\t\t\t\t\t\t\t\t\t<img fetchpriority=\"high\" decoding=\"async\" width=\"670\" height=\"372\" src=\"https:\/\/prawnik.bartoszlewandowski.com.pl\/wp-content\/uploads\/2025\/07\/fdbf4562-7e1e-4741-ae76-0db2fb0fa3bd.jpg-removebg-preview.png\" class=\"attachment-full size-full wp-image-78\" alt=\"\" srcset=\"https:\/\/prawnik.bartoszlewandowski.com.pl\/wp-content\/uploads\/2025\/07\/fdbf4562-7e1e-4741-ae76-0db2fb0fa3bd.jpg-removebg-preview.png 670w, https:\/\/prawnik.bartoszlewandowski.com.pl\/wp-content\/uploads\/2025\/07\/fdbf4562-7e1e-4741-ae76-0db2fb0fa3bd.jpg-removebg-preview-300x167.png 300w\" sizes=\"(max-width: 670px) 100vw, 670px\" \/>\t\t\t\t\t\t\t\t\t\t\t\t\t\t\t<\/div>\n\t\t\t\t<\/div>\n\t\t\t\t<\/div>\n\t\t<div class=\"elementor-element elementor-element-42d5dfe e-con-full e-flex e-con e-child\" data-id=\"42d5dfe\" data-element_type=\"container\">\n\t\t\t\t<div class=\"elementor-element elementor-element-a3a3585 elementor-widget elementor-widget-text-editor\" data-id=\"a3a3585\" data-element_type=\"widget\" data-widget_type=\"text-editor.default\">\n\t\t\t\t<div class=\"elementor-widget-container\">\n\t\t\t\t\t\t\t\t\t<p data-start=\"537\" data-end=\"810\">Jeste\u015bmy zespo\u0142em prawnik\u00f3w, kt\u00f3rzy \u0142\u0105cz\u0105 wieloletnie do\u015bwiadczenie z indywidualnym podej\u015bciem do ka\u017cdej sprawy. Wierzymy, \u017ce dobra obs\u0142uga prawna to nie tylko znajomo\u015b\u0107 przepis\u00f3w, ale przede wszystkim zrozumienie potrzeb Klienta i skuteczne reprezentowanie jego interes\u00f3w.<\/p>\n<p data-start=\"812\" data-end=\"1066\">Specjalizujemy si\u0119 w obs\u0142udze przedsi\u0119biorc\u00f3w, klient\u00f3w indywidualnych oraz instytucji. Zapewniamy kompleksow\u0105 pomoc prawn\u0105 \u2013 od doradztwa i opiniowania um\u00f3w, przez reprezentacj\u0119 w post\u0119powaniach s\u0105dowych, po strategiczne wsparcie w rozwoju dzia\u0142alno\u015bci.<\/p>\n<p data-start=\"1068\" data-end=\"1253\">Naszym priorytetem jest rzetelno\u015b\u0107, dyskrecja i skuteczno\u015b\u0107 dzia\u0142ania. Dzia\u0142amy w oparciu o najwy\u017csze standardy etyki zawodowej, zapewniaj\u0105c naszym Klientom pe\u0142ne bezpiecze\u0144stwo prawne.<\/p>\t\t\t\t\t\t\t\t<\/div>\n\t\t\t\t<\/div>\n\t\t\t\t<\/div>\n\t\t\t\t<\/div>\n\t\t<div class=\"elementor-element elementor-element-e25b64d e-con-full e-flex e-con e-parent\" data-id=\"e25b64d\" data-element_type=\"container\">\n\t\t\t\t<div class=\"elementor-element elementor-element-b80cbea elementor-widget elementor-widget-heading\" data-id=\"b80cbea\" data-element_type=\"widget\" data-widget_type=\"heading.default\">\n\t\t\t\t<div class=\"elementor-widget-container\">\n\t\t\t\t\t<h2 class=\"elementor-heading-title elementor-size-default\">Czym si\u0119 zajmujemy:<\/h2>\t\t\t\t<\/div>\n\t\t\t\t<\/div>\n\t\t\t\t<\/div>\n\t\t<div class=\"elementor-element elementor-element-3911811 e-con-full e-flex e-con e-parent\" data-id=\"3911811\" data-element_type=\"container\" data-settings=\"{&quot;background_background&quot;:&quot;classic&quot;}\">\n\t\t<div class=\"elementor-element elementor-element-a7034a4 e-con-full e-flex e-con e-child\" data-id=\"a7034a4\" data-element_type=\"container\" data-settings=\"{&quot;background_background&quot;:&quot;slideshow&quot;,&quot;background_slideshow_gallery&quot;:[],&quot;background_slideshow_loop&quot;:&quot;yes&quot;,&quot;background_slideshow_slide_duration&quot;:5000,&quot;background_slideshow_slide_transition&quot;:&quot;fade&quot;,&quot;background_slideshow_transition_duration&quot;:500}\">\n\t\t\t\t<div class=\"elementor-element elementor-element-1a5c1bd elementor-widget elementor-widget-heading\" data-id=\"1a5c1bd\" data-element_type=\"widget\" data-widget_type=\"heading.default\">\n\t\t\t\t<div class=\"elementor-widget-container\">\n\t\t\t\t\t<h2 class=\"elementor-heading-title elementor-size-default\">Prawo cywilne<\/h2>\t\t\t\t<\/div>\n\t\t\t\t<\/div>\n\t\t\t\t<div class=\"elementor-element elementor-element-b1c9a76 elementor-widget elementor-widget-text-editor\" data-id=\"b1c9a76\" data-element_type=\"widget\" data-widget_type=\"text-editor.default\">\n\t\t\t\t<div class=\"elementor-widget-container\">\n\t\t\t\t\t\t\t\t\t<p>Sporz\u0105dzanie i analiza um\u00f3w, sprawy o zap\u0142at\u0119, odszkodowania, odpowiedzialno\u015b\u0107 cywilna.<\/p>\t\t\t\t\t\t\t\t<\/div>\n\t\t\t\t<\/div>\n\t\t\t\t<div class=\"elementor-element elementor-element-f7557e4 elementor-widget elementor-widget-image\" data-id=\"f7557e4\" data-element_type=\"widget\" data-widget_type=\"image.default\">\n\t\t\t\t<div class=\"elementor-widget-container\">\n\t\t\t\t\t\t\t\t\t\t\t\t\t\t\t<img decoding=\"async\" width=\"1024\" height=\"768\" src=\"https:\/\/prawnik.bartoszlewandowski.com.pl\/wp-content\/uploads\/2025\/07\/7ee1e7b7-c134-46f9-948c-c61e8690efe0.jpg-1024x768.png\" class=\"attachment-large size-large wp-image-148\" alt=\"\" srcset=\"https:\/\/prawnik.bartoszlewandowski.com.pl\/wp-content\/uploads\/2025\/07\/7ee1e7b7-c134-46f9-948c-c61e8690efe0.jpg-1024x768.png 1024w, https:\/\/prawnik.bartoszlewandowski.com.pl\/wp-content\/uploads\/2025\/07\/7ee1e7b7-c134-46f9-948c-c61e8690efe0.jpg-300x225.png 300w, https:\/\/prawnik.bartoszlewandowski.com.pl\/wp-content\/uploads\/2025\/07\/7ee1e7b7-c134-46f9-948c-c61e8690efe0.jpg-768x576.png 768w, https:\/\/prawnik.bartoszlewandowski.com.pl\/wp-content\/uploads\/2025\/07\/7ee1e7b7-c134-46f9-948c-c61e8690efe0.jpg-1536x1152.png 1536w, https:\/\/prawnik.bartoszlewandowski.com.pl\/wp-content\/uploads\/2025\/07\/7ee1e7b7-c134-46f9-948c-c61e8690efe0.jpg.png 1920w\" sizes=\"(max-width: 1024px) 100vw, 1024px\" \/>\t\t\t\t\t\t\t\t\t\t\t\t\t\t\t<\/div>\n\t\t\t\t<\/div>\n\t\t\t\t<\/div>\n\t\t<div class=\"elementor-element elementor-element-61d0af6 e-con-full e-flex e-con e-child\" data-id=\"61d0af6\" data-element_type=\"container\" data-settings=\"{&quot;background_background&quot;:&quot;slideshow&quot;,&quot;background_slideshow_gallery&quot;:[],&quot;background_slideshow_loop&quot;:&quot;yes&quot;,&quot;background_slideshow_slide_duration&quot;:5000,&quot;background_slideshow_slide_transition&quot;:&quot;fade&quot;,&quot;background_slideshow_transition_duration&quot;:500}\">\n\t\t\t\t<div class=\"elementor-element elementor-element-c46b8d3 elementor-widget elementor-widget-heading\" data-id=\"c46b8d3\" data-element_type=\"widget\" data-widget_type=\"heading.default\">\n\t\t\t\t<div class=\"elementor-widget-container\">\n\t\t\t\t\t<h2 class=\"elementor-heading-title elementor-size-default\">Prawo rodzinne<\/h2>\t\t\t\t<\/div>\n\t\t\t\t<\/div>\n\t\t\t\t<div class=\"elementor-element elementor-element-96ab7c6 elementor-widget elementor-widget-text-editor\" data-id=\"96ab7c6\" data-element_type=\"widget\" data-widget_type=\"text-editor.default\">\n\t\t\t\t<div class=\"elementor-widget-container\">\n\t\t\t\t\t\t\t\t\t<p>Rozwody, alimenty, podzia\u0142 maj\u0105tku, kontakty z dzieckiem, opieka i kuratela.<\/p>\t\t\t\t\t\t\t\t<\/div>\n\t\t\t\t<\/div>\n\t\t\t\t<div class=\"elementor-element elementor-element-3ff00ad elementor-widget elementor-widget-image\" data-id=\"3ff00ad\" data-element_type=\"widget\" data-widget_type=\"image.default\">\n\t\t\t\t<div class=\"elementor-widget-container\">\n\t\t\t\t\t\t\t\t\t\t\t\t\t\t\t<img decoding=\"async\" width=\"1024\" height=\"683\" src=\"https:\/\/prawnik.bartoszlewandowski.com.pl\/wp-content\/uploads\/2025\/07\/f547b5d3-e8f0-49e2-b7ee-cc5e83a8603d.jpg-1024x683.png\" class=\"attachment-large size-large wp-image-120\" alt=\"\" srcset=\"https:\/\/prawnik.bartoszlewandowski.com.pl\/wp-content\/uploads\/2025\/07\/f547b5d3-e8f0-49e2-b7ee-cc5e83a8603d.jpg-1024x683.png 1024w, https:\/\/prawnik.bartoszlewandowski.com.pl\/wp-content\/uploads\/2025\/07\/f547b5d3-e8f0-49e2-b7ee-cc5e83a8603d.jpg-300x200.png 300w, https:\/\/prawnik.bartoszlewandowski.com.pl\/wp-content\/uploads\/2025\/07\/f547b5d3-e8f0-49e2-b7ee-cc5e83a8603d.jpg-768x512.png 768w, https:\/\/prawnik.bartoszlewandowski.com.pl\/wp-content\/uploads\/2025\/07\/f547b5d3-e8f0-49e2-b7ee-cc5e83a8603d.jpg-1536x1024.png 1536w, https:\/\/prawnik.bartoszlewandowski.com.pl\/wp-content\/uploads\/2025\/07\/f547b5d3-e8f0-49e2-b7ee-cc5e83a8603d.jpg.png 1920w\" sizes=\"(max-width: 1024px) 100vw, 1024px\" \/>\t\t\t\t\t\t\t\t\t\t\t\t\t\t\t<\/div>\n\t\t\t\t<\/div>\n\t\t\t\t<\/div>\n\t\t<div class=\"elementor-element elementor-element-4b1df76 e-con-full e-flex e-con e-child\" data-id=\"4b1df76\" data-element_type=\"container\" data-settings=\"{&quot;background_background&quot;:&quot;slideshow&quot;,&quot;background_slideshow_gallery&quot;:[],&quot;background_slideshow_loop&quot;:&quot;yes&quot;,&quot;background_slideshow_slide_duration&quot;:5000,&quot;background_slideshow_slide_transition&quot;:&quot;fade&quot;,&quot;background_slideshow_transition_duration&quot;:500}\">\n\t\t\t\t<div class=\"elementor-element elementor-element-d12b5ab elementor-widget elementor-widget-heading\" data-id=\"d12b5ab\" data-element_type=\"widget\" data-widget_type=\"heading.default\">\n\t\t\t\t<div class=\"elementor-widget-container\">\n\t\t\t\t\t<h2 class=\"elementor-heading-title elementor-size-default\">Obs\u0142uga firm<\/h2>\t\t\t\t<\/div>\n\t\t\t\t<\/div>\n\t\t\t\t<div class=\"elementor-element elementor-element-04831d3 elementor-widget elementor-widget-text-editor\" data-id=\"04831d3\" data-element_type=\"widget\" data-widget_type=\"text-editor.default\">\n\t\t\t\t<div class=\"elementor-widget-container\">\n\t\t\t\t\t\t\t\t\t<p>Umowy handlowe, spory s\u0105dowe, windykacja nale\u017cno\u015bci, sta\u0142a obs\u0142uga.<\/p>\t\t\t\t\t\t\t\t<\/div>\n\t\t\t\t<\/div>\n\t\t\t\t<div class=\"elementor-element elementor-element-801276a elementor-widget elementor-widget-image\" data-id=\"801276a\" data-element_type=\"widget\" data-widget_type=\"image.default\">\n\t\t\t\t<div class=\"elementor-widget-container\">\n\t\t\t\t\t\t\t\t\t\t\t\t\t\t\t<img loading=\"lazy\" decoding=\"async\" width=\"1024\" height=\"683\" src=\"https:\/\/prawnik.bartoszlewandowski.com.pl\/wp-content\/uploads\/2025\/07\/ceb8d96c-f933-43db-a0e9-eae8a6c8c49d.jpg-1024x683.png\" class=\"attachment-large size-large wp-image-153\" alt=\"\" srcset=\"https:\/\/prawnik.bartoszlewandowski.com.pl\/wp-content\/uploads\/2025\/07\/ceb8d96c-f933-43db-a0e9-eae8a6c8c49d.jpg-1024x683.png 1024w, https:\/\/prawnik.bartoszlewandowski.com.pl\/wp-content\/uploads\/2025\/07\/ceb8d96c-f933-43db-a0e9-eae8a6c8c49d.jpg-300x200.png 300w, https:\/\/prawnik.bartoszlewandowski.com.pl\/wp-content\/uploads\/2025\/07\/ceb8d96c-f933-43db-a0e9-eae8a6c8c49d.jpg-768x512.png 768w, https:\/\/prawnik.bartoszlewandowski.com.pl\/wp-content\/uploads\/2025\/07\/ceb8d96c-f933-43db-a0e9-eae8a6c8c49d.jpg-1536x1024.png 1536w, https:\/\/prawnik.bartoszlewandowski.com.pl\/wp-content\/uploads\/2025\/07\/ceb8d96c-f933-43db-a0e9-eae8a6c8c49d.jpg.png 1920w\" sizes=\"(max-width: 1024px) 100vw, 1024px\" \/>\t\t\t\t\t\t\t\t\t\t\t\t\t\t\t<\/div>\n\t\t\t\t<\/div>\n\t\t\t\t<\/div>\n\t\t<div class=\"elementor-element elementor-element-d1ba7bc e-con-full e-flex e-con e-child\" data-id=\"d1ba7bc\" data-element_type=\"container\" data-settings=\"{&quot;background_background&quot;:&quot;slideshow&quot;,&quot;background_slideshow_gallery&quot;:[],&quot;background_slideshow_loop&quot;:&quot;yes&quot;,&quot;background_slideshow_slide_duration&quot;:5000,&quot;background_slideshow_slide_transition&quot;:&quot;fade&quot;,&quot;background_slideshow_transition_duration&quot;:500}\">\n\t\t\t\t<div class=\"elementor-element elementor-element-7a1a547 elementor-widget elementor-widget-heading\" data-id=\"7a1a547\" data-element_type=\"widget\" data-widget_type=\"heading.default\">\n\t\t\t\t<div class=\"elementor-widget-container\">\n\t\t\t\t\t<h2 class=\"elementor-heading-title elementor-size-default\">Sprawy spadkowe<\/h2>\t\t\t\t<\/div>\n\t\t\t\t<\/div>\n\t\t\t\t<div class=\"elementor-element elementor-element-911e8e7 elementor-widget elementor-widget-text-editor\" data-id=\"911e8e7\" data-element_type=\"widget\" data-widget_type=\"text-editor.default\">\n\t\t\t\t<div class=\"elementor-widget-container\">\n\t\t\t\t\t\t\t\t\t<p>Doradztwo w zakresie dziedziczenia, dzia\u0142 spadku, zachowek, testamenty.<\/p>\t\t\t\t\t\t\t\t<\/div>\n\t\t\t\t<\/div>\n\t\t\t\t<div class=\"elementor-element elementor-element-a2d1869 elementor-widget elementor-widget-image\" data-id=\"a2d1869\" data-element_type=\"widget\" data-widget_type=\"image.default\">\n\t\t\t\t<div class=\"elementor-widget-container\">\n\t\t\t\t\t\t\t\t\t\t\t\t\t\t\t<img loading=\"lazy\" decoding=\"async\" width=\"1024\" height=\"569\" src=\"https:\/\/prawnik.bartoszlewandowski.com.pl\/wp-content\/uploads\/2025\/07\/fdbf4562-7e1e-4741-ae76-0db2fb0fa3bd.jpg-1024x569.png\" class=\"attachment-large size-large wp-image-76\" alt=\"\" srcset=\"https:\/\/prawnik.bartoszlewandowski.com.pl\/wp-content\/uploads\/2025\/07\/fdbf4562-7e1e-4741-ae76-0db2fb0fa3bd.jpg-1024x569.png 1024w, https:\/\/prawnik.bartoszlewandowski.com.pl\/wp-content\/uploads\/2025\/07\/fdbf4562-7e1e-4741-ae76-0db2fb0fa3bd.jpg-300x167.png 300w, https:\/\/prawnik.bartoszlewandowski.com.pl\/wp-content\/uploads\/2025\/07\/fdbf4562-7e1e-4741-ae76-0db2fb0fa3bd.jpg-768x427.png 768w, https:\/\/prawnik.bartoszlewandowski.com.pl\/wp-content\/uploads\/2025\/07\/fdbf4562-7e1e-4741-ae76-0db2fb0fa3bd.jpg-1536x854.png 1536w, https:\/\/prawnik.bartoszlewandowski.com.pl\/wp-content\/uploads\/2025\/07\/fdbf4562-7e1e-4741-ae76-0db2fb0fa3bd.jpg.png 1920w\" sizes=\"(max-width: 1024px) 100vw, 1024px\" \/>\t\t\t\t\t\t\t\t\t\t\t\t\t\t\t<\/div>\n\t\t\t\t<\/div>\n\t\t\t\t<\/div>\n\t\t\t\t<\/div>\n\t\t<div class=\"elementor-element elementor-element-26ae7b3 e-con-full e-flex e-con e-parent\" data-id=\"26ae7b3\" data-element_type=\"container\" data-settings=\"{&quot;background_background&quot;:&quot;slideshow&quot;,&quot;background_slideshow_gallery&quot;:[{&quot;id&quot;:163,&quot;url&quot;:&quot;http:\\\/\\\/prawnik.bartoszlewandowski.com.pl\\\/wp-content\\\/uploads\\\/2025\\\/07\\\/f547b5d3-e8f0-49e2-b7ee-cc5e83a8603d.jpg-1.png&quot;},{&quot;id&quot;:162,&quot;url&quot;:&quot;http:\\\/\\\/prawnik.bartoszlewandowski.com.pl\\\/wp-content\\\/uploads\\\/2025\\\/07\\\/fdbf4562-7e1e-4741-ae76-0db2fb0fa3bd.jpg-1.png&quot;},{&quot;id&quot;:161,&quot;url&quot;:&quot;http:\\\/\\\/prawnik.bartoszlewandowski.com.pl\\\/wp-content\\\/uploads\\\/2025\\\/07\\\/7ee1e7b7-c134-46f9-948c-c61e8690efe0.jpg-1.png&quot;}],&quot;background_slideshow_transition_duration&quot;:2338,&quot;background_slideshow_loop&quot;:&quot;yes&quot;,&quot;background_slideshow_slide_duration&quot;:5000,&quot;background_slideshow_slide_transition&quot;:&quot;fade&quot;}\">\n\t\t\t\t<div class=\"elementor-element elementor-element-e23205f elementor-widget__width-inherit elementor-icon-list--layout-traditional elementor-list-item-link-full_width elementor-widget elementor-widget-icon-list\" data-id=\"e23205f\" data-element_type=\"widget\" data-settings=\"{&quot;_animation&quot;:&quot;none&quot;}\" data-widget_type=\"icon-list.default\">\n\t\t\t\t<div class=\"elementor-widget-container\">\n\t\t\t\t\t\t\t<ul class=\"elementor-icon-list-items\">\n\t\t\t\t\t\t\t<li class=\"elementor-icon-list-item\">\n\t\t\t\t\t\t\t\t\t\t<span class=\"elementor-icon-list-text\">PRAWO SP\u00d3\u0141EK<\/span>\n\t\t\t\t\t\t\t\t\t<\/li>\n\t\t\t\t\t\t\t\t<li class=\"elementor-icon-list-item\">\n\t\t\t\t\t\t\t\t\t\t<span class=\"elementor-icon-list-text\">PRAWO FINANSOWE<\/span>\n\t\t\t\t\t\t\t\t\t<\/li>\n\t\t\t\t\t\t\t\t<li class=\"elementor-icon-list-item\">\n\t\t\t\t\t\t\t\t\t\t<span class=\"elementor-icon-list-text\">PRAWO ENERGETYCZNE<\/span>\n\t\t\t\t\t\t\t\t\t<\/li>\n\t\t\t\t\t\t\t\t<li class=\"elementor-icon-list-item\">\n\t\t\t\t\t\t\t\t\t\t<span class=\"elementor-icon-list-text\">ROZWI\u0104ZYWANIE SPOR\u00d3W<\/span>\n\t\t\t\t\t\t\t\t\t<\/li>\n\t\t\t\t\t\t\t\t<li class=\"elementor-icon-list-item\">\n\t\t\t\t\t\t\t\t\t\t<span class=\"elementor-icon-list-text\">NIERUCHOMO\u015aCI<\/span>\n\t\t\t\t\t\t\t\t\t<\/li>\n\t\t\t\t\t\t\t\t<li class=\"elementor-icon-list-item\">\n\t\t\t\t\t\t\t\t\t\t<span class=\"elementor-icon-list-text\">PRAWO KARNE<\/span>\n\t\t\t\t\t\t\t\t\t<\/li>\n\t\t\t\t\t\t\t\t<li class=\"elementor-icon-list-item\">\n\t\t\t\t\t\t\t\t\t\t<span class=\"elementor-icon-list-text\">PRAWO CYWILNE<\/span>\n\t\t\t\t\t\t\t\t\t<\/li>\n\t\t\t\t\t\t\t\t<li class=\"elementor-icon-list-item\">\n\t\t\t\t\t\t\t\t\t\t<span class=\"elementor-icon-list-text\">PRAWO RODZINNE<\/span>\n\t\t\t\t\t\t\t\t\t<\/li>\n\t\t\t\t\t\t\t\t<li class=\"elementor-icon-list-item\">\n\t\t\t\t\t\t\t\t\t\t<span class=\"elementor-icon-list-text\">PRAWO PODATKOWE<\/span>\n\t\t\t\t\t\t\t\t\t<\/li>\n\t\t\t\t\t\t\t\t<li class=\"elementor-icon-list-item\">\n\t\t\t\t\t\t\t\t\t\t<span class=\"elementor-icon-list-text\">POZOSTA\u0141E<\/span>\n\t\t\t\t\t\t\t\t\t<\/li>\n\t\t\t\t\t\t<\/ul>\n\t\t\t\t\t\t<\/div>\n\t\t\t\t<\/div>\n\t\t\t\t<\/div>\n\t\t<div class=\"elementor-element elementor-element-33bba31 e-con-full e-flex e-con e-parent\" data-id=\"33bba31\" data-element_type=\"container\">\n\t\t<div class=\"elementor-element elementor-element-1355ce3 e-con-full e-flex e-con e-child\" data-id=\"1355ce3\" data-element_type=\"container\">\n\t\t\t\t<div class=\"elementor-element elementor-element-3cce37c elementor-align-center elementor-widget elementor-widget-button\" data-id=\"3cce37c\" data-element_type=\"widget\" data-widget_type=\"button.default\">\n\t\t\t\t<div class=\"elementor-widget-container\">\n\t\t\t\t\t\t\t\t\t<div class=\"elementor-button-wrapper\">\n\t\t\t\t\t<a class=\"elementor-button elementor-button-link elementor-size-sm\" href=\"#\">\n\t\t\t\t\t\t<span class=\"elementor-button-content-wrapper\">\n\t\t\t\t\t\t\t\t\t<span class=\"elementor-button-text\">NASZ ZESP\u00d3\u0141<\/span>\n\t\t\t\t\t<\/span>\n\t\t\t\t\t<\/a>\n\t\t\t\t<\/div>\n\t\t\t\t\t\t\t\t<\/div>\n\t\t\t\t<\/div>\n\t\t\t\t<\/div>\n\t\t<div class=\"elementor-element elementor-element-6f74952 e-con-full e-flex e-con e-child\" data-id=\"6f74952\" data-element_type=\"container\">\n\t\t\t\t<div class=\"elementor-element elementor-element-9411457 elementor-align-center elementor-tablet-align-center elementor-widget elementor-widget-button\" data-id=\"9411457\" data-element_type=\"widget\" data-widget_type=\"button.default\">\n\t\t\t\t<div class=\"elementor-widget-container\">\n\t\t\t\t\t\t\t\t\t<div class=\"elementor-button-wrapper\">\n\t\t\t\t\t<a class=\"elementor-button elementor-button-link elementor-size-sm\" href=\"#\">\n\t\t\t\t\t\t<span class=\"elementor-button-content-wrapper\">\n\t\t\t\t\t\t\t\t\t<span class=\"elementor-button-text\">ZESP\u00d3\u0141<\/span>\n\t\t\t\t\t<\/span>\n\t\t\t\t\t<\/a>\n\t\t\t\t<\/div>\n\t\t\t\t\t\t\t\t<\/div>\n\t\t\t\t<\/div>\n\t\t\t\t<\/div>\n\t\t<div class=\"elementor-element elementor-element-357bf90 e-con-full e-flex e-con e-child\" data-id=\"357bf90\" data-element_type=\"container\">\n\t\t\t\t<div class=\"elementor-element elementor-element-3db91c5 elementor-align-center elementor-widget elementor-widget-button\" data-id=\"3db91c5\" data-element_type=\"widget\" data-widget_type=\"button.default\">\n\t\t\t\t<div class=\"elementor-widget-container\">\n\t\t\t\t\t\t\t\t\t<div class=\"elementor-button-wrapper\">\n\t\t\t\t\t<a class=\"elementor-button elementor-button-link elementor-size-sm\" href=\"#\">\n\t\t\t\t\t\t<span class=\"elementor-button-content-wrapper\">\n\t\t\t\t\t\t\t\t\t<span class=\"elementor-button-text\">KONTAKT<\/span>\n\t\t\t\t\t<\/span>\n\t\t\t\t\t<\/a>\n\t\t\t\t<\/div>\n\t\t\t\t\t\t\t\t<\/div>\n\t\t\t\t<\/div>\n\t\t\t\t<\/div>\n\t\t\t\t<\/div>\n\t\t\t\t<\/div>\n\t\t","protected":false},"excerpt":{"rendered":"<p>Kompleksowa obs\u0142uga prawna dla firm i klient\u00f3w indywidualnych. Jeste\u015bmy zespo\u0142em prawnik\u00f3w, kt\u00f3rzy \u0142\u0105cz\u0105 wieloletnie do\u015bwiadczenie z indywidualnym podej\u015bciem do ka\u017cdej [&hellip;]<\/p>\n","protected":false},"author":1,"featured_media":0,"parent":0,"menu_order":0,"comment_status":"closed","ping_status":"closed","template":"","meta":{"site-sidebar-layout":"no-sidebar","site-content-layout":"plain-container","ast-site-content-layout":"default","site-content-style":"default","site-sidebar-style":"default","ast-global-header-display":"","ast-banner-title-visibility":"","ast-main-header-display":"","ast-hfb-above-header-display":"","ast-hfb-below-header-display":"","ast-hfb-mobile-header-display":"","site-post-title":"disabled","ast-breadcrumbs-content":"","ast-featured-img":"","footer-sml-layout":"","theme-transparent-header-meta":"enabled","adv-header-id-meta":"","stick-header-meta":"","header-above-stick-meta":"","header-main-stick-meta":"","header-below-stick-meta":"","astra-migrate-meta-layouts":"default","ast-page-background-enabled":"default","ast-page-background-meta":{"desktop":{"background-color":"var(--ast-global-color-5)","background-image":"","background-repeat":"repeat","background-position":"center center","background-size":"auto","background-attachment":"scroll","background-type":"","background-media":"","overlay-type":"","overlay-color":"","overlay-opacity":"","overlay-gradient":""},"tablet":{"background-color":"","background-image":"","background-repeat":"repeat","background-position":"center center","background-size":"auto","background-attachment":"scroll","background-type":"","background-media":"","overlay-type":"","overlay-color":"","overlay-opacity":"","overlay-gradient":""},"mobile":{"background-color":"","background-image":"","background-repeat":"repeat","background-position":"center center","background-size":"auto","background-attachment":"scroll","background-type":"","background-media":"","overlay-type":"","overlay-color":"","overlay-opacity":"","overlay-gradient":""}},"ast-content-background-meta":{"desktop":{"background-color":"var(--ast-global-color-4)","background-image":"","background-repeat":"repeat","background-position":"center center","background-size":"auto","background-attachment":"scroll","background-type":"","background-media":"","overlay-type":"","overlay-color":"","overlay-opacity":"","overlay-gradient":""},"tablet":{"background-color":"var(--ast-global-color-4)","background-image":"","background-repeat":"repeat","background-position":"center center","background-size":"auto","background-attachment":"scroll","background-type":"","background-media":"","overlay-type":"","overlay-color":"","overlay-opacity":"","overlay-gradient":""},"mobile":{"background-color":"var(--ast-global-color-4)","background-image":"","background-repeat":"repeat","background-position":"center center","background-size":"auto","background-attachment":"scroll","background-type":"","background-media":"","overlay-type":"","overlay-color":"","overlay-opacity":"","overlay-gradient":""}},"footnotes":""},"class_list":["post-19","page","type-page","status-publish","hentry"],"_links":{"self":[{"href":"https:\/\/prawnik.bartoszlewandowski.com.pl\/index.php?rest_route=\/wp\/v2\/pages\/19","targetHints":{"allow":["GET"]}}],"collection":[{"href":"https:\/\/prawnik.bartoszlewandowski.com.pl\/index.php?rest_route=\/wp\/v2\/pages"}],"about":[{"href":"https:\/\/prawnik.bartoszlewandowski.com.pl\/index.php?rest_route=\/wp\/v2\/types\/page"}],"author":[{"embeddable":true,"href":"https:\/\/prawnik.bartoszlewandowski.com.pl\/index.php?rest_route=\/wp\/v2\/users\/1"}],"replies":[{"embeddable":true,"href":"https:\/\/prawnik.bartoszlewandowski.com.pl\/index.php?rest_route=%2Fwp%2Fv2%2Fcomments&post=19"}],"version-history":[{"count":77,"href":"https:\/\/prawnik.bartoszlewandowski.com.pl\/index.php?rest_route=\/wp\/v2\/pages\/19\/revisions"}],"predecessor-version":[{"id":277,"href":"https:\/\/prawnik.bartoszlewandowski.com.pl\/index.php?rest_route=\/wp\/v2\/pages\/19\/revisions\/277"}],"wp:attachment":[{"href":"https:\/\/prawnik.bartoszlewandowski.com.pl\/index.php?rest_route=%2Fwp%2Fv2%2Fmedia&parent=19"}],"curies":[{"name":"wp","href":"https:\/\/api.w.org\/{rel}","templated":true}]}}