{"id":89,"date":"2025-07-08T21:19:57","date_gmt":"2025-07-08T19:19:57","guid":{"rendered":"http:\/\/prawnik.bartoszlewandowski.com.pl\/?page_id=89"},"modified":"2025-07-17T18:21:08","modified_gmt":"2025-07-17T16:21:08","slug":"o-nas","status":"publish","type":"page","link":"https:\/\/prawnik.bartoszlewandowski.com.pl\/?page_id=89","title":{"rendered":"O nas"},"content":{"rendered":"\t\t<div data-elementor-type=\"wp-page\" data-elementor-id=\"89\" class=\"elementor elementor-89\">\n\t\t\t\t<div class=\"elementor-element elementor-element-c050918 e-flex e-con-boxed e-con e-parent\" data-id=\"c050918\" data-element_type=\"container\">\n\t\t\t\t\t<div class=\"e-con-inner\">\n\t\t\t\t\t<\/div>\n\t\t\t\t<\/div>\n\t\t<div class=\"elementor-element elementor-element-4bb9e3c e-flex e-con-boxed e-con e-parent\" data-id=\"4bb9e3c\" data-element_type=\"container\">\n\t\t\t\t\t<div class=\"e-con-inner\">\n\t\t\t\t<div class=\"elementor-element elementor-element-423f137 elementor-widget elementor-widget-heading\" data-id=\"423f137\" data-element_type=\"widget\" data-widget_type=\"heading.default\">\n\t\t\t\t<div class=\"elementor-widget-container\">\n\t\t\t\t\t<h2 class=\"elementor-heading-title elementor-size-default\">Czym si\u0119 zajmujemy:<\/h2>\t\t\t\t<\/div>\n\t\t\t\t<\/div>\n\t\t<div class=\"elementor-element elementor-element-f79760c e-con-full e-flex e-con e-child\" data-id=\"f79760c\" data-element_type=\"container\" data-settings=\"{&quot;background_background&quot;:&quot;classic&quot;}\">\n\t\t<div class=\"elementor-element elementor-element-e6918d9 e-con-full e-flex e-con e-child\" data-id=\"e6918d9\" data-element_type=\"container\" data-settings=\"{&quot;background_background&quot;:&quot;slideshow&quot;,&quot;background_slideshow_gallery&quot;:[],&quot;background_slideshow_loop&quot;:&quot;yes&quot;,&quot;background_slideshow_slide_duration&quot;:5000,&quot;background_slideshow_slide_transition&quot;:&quot;fade&quot;,&quot;background_slideshow_transition_duration&quot;:500}\">\n\t\t\t\t<div class=\"elementor-element elementor-element-0da9dc3 elementor-widget elementor-widget-heading\" data-id=\"0da9dc3\" data-element_type=\"widget\" data-widget_type=\"heading.default\">\n\t\t\t\t<div class=\"elementor-widget-container\">\n\t\t\t\t\t<h2 class=\"elementor-heading-title elementor-size-default\">Prawo cywilne<\/h2>\t\t\t\t<\/div>\n\t\t\t\t<\/div>\n\t\t\t\t<div class=\"elementor-element elementor-element-58825b6 elementor-widget elementor-widget-text-editor\" data-id=\"58825b6\" data-element_type=\"widget\" data-widget_type=\"text-editor.default\">\n\t\t\t\t<div class=\"elementor-widget-container\">\n\t\t\t\t\t\t\t\t\t<p>Sporz\u0105dzanie i analiza um\u00f3w, sprawy o zap\u0142at\u0119, odszkodowania, odpowiedzialno\u015b\u0107 cywilna.<\/p>\t\t\t\t\t\t\t\t<\/div>\n\t\t\t\t<\/div>\n\t\t\t\t<div class=\"elementor-element elementor-element-f6e2d74 elementor-widget elementor-widget-image\" data-id=\"f6e2d74\" data-element_type=\"widget\" data-widget_type=\"image.default\">\n\t\t\t\t<div class=\"elementor-widget-container\">\n\t\t\t\t\t\t\t\t\t\t\t\t\t\t\t<img fetchpriority=\"high\" decoding=\"async\" width=\"1024\" height=\"768\" src=\"https:\/\/prawnik.bartoszlewandowski.com.pl\/wp-content\/uploads\/2025\/07\/7ee1e7b7-c134-46f9-948c-c61e8690efe0.jpg-1024x768.png\" class=\"attachment-large size-large wp-image-148\" alt=\"\" srcset=\"https:\/\/prawnik.bartoszlewandowski.com.pl\/wp-content\/uploads\/2025\/07\/7ee1e7b7-c134-46f9-948c-c61e8690efe0.jpg-1024x768.png 1024w, https:\/\/prawnik.bartoszlewandowski.com.pl\/wp-content\/uploads\/2025\/07\/7ee1e7b7-c134-46f9-948c-c61e8690efe0.jpg-300x225.png 300w, https:\/\/prawnik.bartoszlewandowski.com.pl\/wp-content\/uploads\/2025\/07\/7ee1e7b7-c134-46f9-948c-c61e8690efe0.jpg-768x576.png 768w, https:\/\/prawnik.bartoszlewandowski.com.pl\/wp-content\/uploads\/2025\/07\/7ee1e7b7-c134-46f9-948c-c61e8690efe0.jpg-1536x1152.png 1536w, https:\/\/prawnik.bartoszlewandowski.com.pl\/wp-content\/uploads\/2025\/07\/7ee1e7b7-c134-46f9-948c-c61e8690efe0.jpg.png 1920w\" sizes=\"(max-width: 1024px) 100vw, 1024px\" \/>\t\t\t\t\t\t\t\t\t\t\t\t\t\t\t<\/div>\n\t\t\t\t<\/div>\n\t\t\t\t<\/div>\n\t\t<div class=\"elementor-element elementor-element-0be0cf4 e-con-full e-flex e-con e-child\" data-id=\"0be0cf4\" data-element_type=\"container\" data-settings=\"{&quot;background_background&quot;:&quot;slideshow&quot;,&quot;background_slideshow_gallery&quot;:[],&quot;background_slideshow_loop&quot;:&quot;yes&quot;,&quot;background_slideshow_slide_duration&quot;:5000,&quot;background_slideshow_slide_transition&quot;:&quot;fade&quot;,&quot;background_slideshow_transition_duration&quot;:500}\">\n\t\t\t\t<div class=\"elementor-element elementor-element-db15324 elementor-widget elementor-widget-heading\" data-id=\"db15324\" data-element_type=\"widget\" data-widget_type=\"heading.default\">\n\t\t\t\t<div class=\"elementor-widget-container\">\n\t\t\t\t\t<h2 class=\"elementor-heading-title elementor-size-default\">Prawo rodzinne<\/h2>\t\t\t\t<\/div>\n\t\t\t\t<\/div>\n\t\t\t\t<div class=\"elementor-element elementor-element-6728e16 elementor-widget elementor-widget-text-editor\" data-id=\"6728e16\" data-element_type=\"widget\" data-widget_type=\"text-editor.default\">\n\t\t\t\t<div class=\"elementor-widget-container\">\n\t\t\t\t\t\t\t\t\t<p>Rozwody, alimenty, podzia\u0142 maj\u0105tku, kontakty z dzieckiem, opieka i kuratela.<\/p>\t\t\t\t\t\t\t\t<\/div>\n\t\t\t\t<\/div>\n\t\t\t\t<div class=\"elementor-element elementor-element-d86178c elementor-widget elementor-widget-image\" data-id=\"d86178c\" data-element_type=\"widget\" data-widget_type=\"image.default\">\n\t\t\t\t<div class=\"elementor-widget-container\">\n\t\t\t\t\t\t\t\t\t\t\t\t\t\t\t<img decoding=\"async\" width=\"1024\" height=\"683\" src=\"https:\/\/prawnik.bartoszlewandowski.com.pl\/wp-content\/uploads\/2025\/07\/f547b5d3-e8f0-49e2-b7ee-cc5e83a8603d.jpg-1024x683.png\" class=\"attachment-large size-large wp-image-120\" alt=\"\" srcset=\"https:\/\/prawnik.bartoszlewandowski.com.pl\/wp-content\/uploads\/2025\/07\/f547b5d3-e8f0-49e2-b7ee-cc5e83a8603d.jpg-1024x683.png 1024w, https:\/\/prawnik.bartoszlewandowski.com.pl\/wp-content\/uploads\/2025\/07\/f547b5d3-e8f0-49e2-b7ee-cc5e83a8603d.jpg-300x200.png 300w, https:\/\/prawnik.bartoszlewandowski.com.pl\/wp-content\/uploads\/2025\/07\/f547b5d3-e8f0-49e2-b7ee-cc5e83a8603d.jpg-768x512.png 768w, https:\/\/prawnik.bartoszlewandowski.com.pl\/wp-content\/uploads\/2025\/07\/f547b5d3-e8f0-49e2-b7ee-cc5e83a8603d.jpg-1536x1024.png 1536w, https:\/\/prawnik.bartoszlewandowski.com.pl\/wp-content\/uploads\/2025\/07\/f547b5d3-e8f0-49e2-b7ee-cc5e83a8603d.jpg.png 1920w\" sizes=\"(max-width: 1024px) 100vw, 1024px\" \/>\t\t\t\t\t\t\t\t\t\t\t\t\t\t\t<\/div>\n\t\t\t\t<\/div>\n\t\t\t\t<\/div>\n\t\t<div class=\"elementor-element elementor-element-726be59 e-con-full e-flex e-con e-child\" data-id=\"726be59\" data-element_type=\"container\" data-settings=\"{&quot;background_background&quot;:&quot;slideshow&quot;,&quot;background_slideshow_gallery&quot;:[],&quot;background_slideshow_loop&quot;:&quot;yes&quot;,&quot;background_slideshow_slide_duration&quot;:5000,&quot;background_slideshow_slide_transition&quot;:&quot;fade&quot;,&quot;background_slideshow_transition_duration&quot;:500}\">\n\t\t\t\t<div class=\"elementor-element elementor-element-978fb07 elementor-widget elementor-widget-heading\" data-id=\"978fb07\" data-element_type=\"widget\" data-widget_type=\"heading.default\">\n\t\t\t\t<div class=\"elementor-widget-container\">\n\t\t\t\t\t<h2 class=\"elementor-heading-title elementor-size-default\">Obs\u0142uga firm<\/h2>\t\t\t\t<\/div>\n\t\t\t\t<\/div>\n\t\t\t\t<div class=\"elementor-element elementor-element-6109070 elementor-widget elementor-widget-text-editor\" data-id=\"6109070\" data-element_type=\"widget\" data-widget_type=\"text-editor.default\">\n\t\t\t\t<div class=\"elementor-widget-container\">\n\t\t\t\t\t\t\t\t\t<p>Umowy handlowe, spory s\u0105dowe, windykacja nale\u017cno\u015bci, sta\u0142a obs\u0142uga.<\/p>\t\t\t\t\t\t\t\t<\/div>\n\t\t\t\t<\/div>\n\t\t\t\t<div class=\"elementor-element elementor-element-abcb3eb elementor-widget elementor-widget-image\" data-id=\"abcb3eb\" data-element_type=\"widget\" data-widget_type=\"image.default\">\n\t\t\t\t<div class=\"elementor-widget-container\">\n\t\t\t\t\t\t\t\t\t\t\t\t\t\t\t<img decoding=\"async\" width=\"1024\" height=\"683\" src=\"https:\/\/prawnik.bartoszlewandowski.com.pl\/wp-content\/uploads\/2025\/07\/ceb8d96c-f933-43db-a0e9-eae8a6c8c49d.jpg-1024x683.png\" class=\"attachment-large size-large wp-image-153\" alt=\"\" srcset=\"https:\/\/prawnik.bartoszlewandowski.com.pl\/wp-content\/uploads\/2025\/07\/ceb8d96c-f933-43db-a0e9-eae8a6c8c49d.jpg-1024x683.png 1024w, https:\/\/prawnik.bartoszlewandowski.com.pl\/wp-content\/uploads\/2025\/07\/ceb8d96c-f933-43db-a0e9-eae8a6c8c49d.jpg-300x200.png 300w, https:\/\/prawnik.bartoszlewandowski.com.pl\/wp-content\/uploads\/2025\/07\/ceb8d96c-f933-43db-a0e9-eae8a6c8c49d.jpg-768x512.png 768w, https:\/\/prawnik.bartoszlewandowski.com.pl\/wp-content\/uploads\/2025\/07\/ceb8d96c-f933-43db-a0e9-eae8a6c8c49d.jpg-1536x1024.png 1536w, https:\/\/prawnik.bartoszlewandowski.com.pl\/wp-content\/uploads\/2025\/07\/ceb8d96c-f933-43db-a0e9-eae8a6c8c49d.jpg.png 1920w\" sizes=\"(max-width: 1024px) 100vw, 1024px\" \/>\t\t\t\t\t\t\t\t\t\t\t\t\t\t\t<\/div>\n\t\t\t\t<\/div>\n\t\t\t\t<\/div>\n\t\t<div class=\"elementor-element elementor-element-188257a e-con-full e-flex e-con e-child\" data-id=\"188257a\" data-element_type=\"container\" data-settings=\"{&quot;background_background&quot;:&quot;slideshow&quot;,&quot;background_slideshow_gallery&quot;:[],&quot;background_slideshow_loop&quot;:&quot;yes&quot;,&quot;background_slideshow_slide_duration&quot;:5000,&quot;background_slideshow_slide_transition&quot;:&quot;fade&quot;,&quot;background_slideshow_transition_duration&quot;:500}\">\n\t\t\t\t<div class=\"elementor-element elementor-element-e48eaca elementor-widget elementor-widget-heading\" data-id=\"e48eaca\" data-element_type=\"widget\" data-widget_type=\"heading.default\">\n\t\t\t\t<div class=\"elementor-widget-container\">\n\t\t\t\t\t<h2 class=\"elementor-heading-title elementor-size-default\">Sprawy spadkowe<\/h2>\t\t\t\t<\/div>\n\t\t\t\t<\/div>\n\t\t\t\t<div class=\"elementor-element elementor-element-86980af elementor-widget elementor-widget-text-editor\" data-id=\"86980af\" data-element_type=\"widget\" data-widget_type=\"text-editor.default\">\n\t\t\t\t<div class=\"elementor-widget-container\">\n\t\t\t\t\t\t\t\t\t<p>Doradztwo w zakresie dziedziczenia, dzia\u0142 spadku, zachowek, testamenty.<\/p>\t\t\t\t\t\t\t\t<\/div>\n\t\t\t\t<\/div>\n\t\t\t\t<div class=\"elementor-element elementor-element-9527d9e elementor-widget elementor-widget-image\" data-id=\"9527d9e\" data-element_type=\"widget\" data-widget_type=\"image.default\">\n\t\t\t\t<div class=\"elementor-widget-container\">\n\t\t\t\t\t\t\t\t\t\t\t\t\t\t\t<img loading=\"lazy\" decoding=\"async\" width=\"1024\" height=\"569\" src=\"https:\/\/prawnik.bartoszlewandowski.com.pl\/wp-content\/uploads\/2025\/07\/fdbf4562-7e1e-4741-ae76-0db2fb0fa3bd.jpg-1024x569.png\" class=\"attachment-large size-large wp-image-76\" alt=\"\" srcset=\"https:\/\/prawnik.bartoszlewandowski.com.pl\/wp-content\/uploads\/2025\/07\/fdbf4562-7e1e-4741-ae76-0db2fb0fa3bd.jpg-1024x569.png 1024w, https:\/\/prawnik.bartoszlewandowski.com.pl\/wp-content\/uploads\/2025\/07\/fdbf4562-7e1e-4741-ae76-0db2fb0fa3bd.jpg-300x167.png 300w, https:\/\/prawnik.bartoszlewandowski.com.pl\/wp-content\/uploads\/2025\/07\/fdbf4562-7e1e-4741-ae76-0db2fb0fa3bd.jpg-768x427.png 768w, https:\/\/prawnik.bartoszlewandowski.com.pl\/wp-content\/uploads\/2025\/07\/fdbf4562-7e1e-4741-ae76-0db2fb0fa3bd.jpg-1536x854.png 1536w, https:\/\/prawnik.bartoszlewandowski.com.pl\/wp-content\/uploads\/2025\/07\/fdbf4562-7e1e-4741-ae76-0db2fb0fa3bd.jpg.png 1920w\" sizes=\"(max-width: 1024px) 100vw, 1024px\" \/>\t\t\t\t\t\t\t\t\t\t\t\t\t\t\t<\/div>\n\t\t\t\t<\/div>\n\t\t\t\t<\/div>\n\t\t\t\t<\/div>\n\t\t\t\t<div class=\"elementor-element elementor-element-9954238 elementor-widget elementor-widget-heading\" data-id=\"9954238\" data-element_type=\"widget\" data-widget_type=\"heading.default\">\n\t\t\t\t<div class=\"elementor-widget-container\">\n\t\t\t\t\t<h2 class=\"elementor-heading-title elementor-size-default\">NASZ ZESP\u00d3\u0141<\/h2>\t\t\t\t<\/div>\n\t\t\t\t<\/div>\n\t\t\t\t\t<\/div>\n\t\t\t\t<\/div>\n\t\t<div class=\"elementor-element elementor-element-e89fec9 e-con-full e-flex e-con e-parent\" data-id=\"e89fec9\" data-element_type=\"container\" data-settings=\"{&quot;background_background&quot;:&quot;classic&quot;}\">\n\t\t<div class=\"elementor-element elementor-element-d45d6b8 e-con-full e-flex e-con e-child\" data-id=\"d45d6b8\" data-element_type=\"container\" data-settings=\"{&quot;background_background&quot;:&quot;slideshow&quot;,&quot;background_slideshow_gallery&quot;:[{&quot;id&quot;:244,&quot;url&quot;:&quot;http:\\\/\\\/prawnik.bartoszlewandowski.com.pl\\\/wp-content\\\/uploads\\\/2025\\\/07\\\/8a0cf740-74b7-4b44-a00b-6ebe370d566a.jpg.png&quot;},{&quot;id&quot;:245,&quot;url&quot;:&quot;http:\\\/\\\/prawnik.bartoszlewandowski.com.pl\\\/wp-content\\\/uploads\\\/2025\\\/07\\\/dab517f2-58be-49bd-915d-2e4da216e1d8.jpg.png&quot;},{&quot;id&quot;:246,&quot;url&quot;:&quot;http:\\\/\\\/prawnik.bartoszlewandowski.com.pl\\\/wp-content\\\/uploads\\\/2025\\\/07\\\/0a00d254-7f52-4fea-a391-e21b8e17a5ce.jpg.png&quot;},{&quot;id&quot;:247,&quot;url&quot;:&quot;http:\\\/\\\/prawnik.bartoszlewandowski.com.pl\\\/wp-content\\\/uploads\\\/2025\\\/07\\\/81bfaf90-42f3-4f46-9d2e-717b775112ee.jpg.png&quot;}],&quot;background_slideshow_loop&quot;:&quot;yes&quot;,&quot;background_slideshow_slide_duration&quot;:5000,&quot;background_slideshow_slide_transition&quot;:&quot;fade&quot;,&quot;background_slideshow_transition_duration&quot;:500}\">\n\t\t\t\t<\/div>\n\t\t<div class=\"elementor-element elementor-element-471f02f e-con-full e-flex e-con e-child\" data-id=\"471f02f\" data-element_type=\"container\" data-settings=\"{&quot;background_background&quot;:&quot;slideshow&quot;,&quot;background_slideshow_gallery&quot;:[{&quot;id&quot;:248,&quot;url&quot;:&quot;http:\\\/\\\/prawnik.bartoszlewandowski.com.pl\\\/wp-content\\\/uploads\\\/2025\\\/07\\\/1b3822a8-41e1-41d1-bcf3-7ed2b206f60a.jpg.png&quot;},{&quot;id&quot;:255,&quot;url&quot;:&quot;http:\\\/\\\/prawnik.bartoszlewandowski.com.pl\\\/wp-content\\\/uploads\\\/2025\\\/07\\\/f3d0c77e-97aa-4de5-9865-49cf3c98d87a.jpg.png&quot;},{&quot;id&quot;:249,&quot;url&quot;:&quot;http:\\\/\\\/prawnik.bartoszlewandowski.com.pl\\\/wp-content\\\/uploads\\\/2025\\\/07\\\/067d940e-ef81-474b-9420-3a82c4965644.jpg.png&quot;},{&quot;id&quot;:250,&quot;url&quot;:&quot;http:\\\/\\\/prawnik.bartoszlewandowski.com.pl\\\/wp-content\\\/uploads\\\/2025\\\/07\\\/0221564a-c44f-464a-a898-fd30adfb88a4.jpg.png&quot;}],&quot;background_slideshow_loop&quot;:&quot;yes&quot;,&quot;background_slideshow_slide_duration&quot;:5000,&quot;background_slideshow_slide_transition&quot;:&quot;fade&quot;,&quot;background_slideshow_transition_duration&quot;:500}\">\n\t\t\t\t<\/div>\n\t\t<div class=\"elementor-element elementor-element-c55e80d e-con-full e-flex e-con e-child\" data-id=\"c55e80d\" data-element_type=\"container\" data-settings=\"{&quot;background_background&quot;:&quot;slideshow&quot;,&quot;background_slideshow_gallery&quot;:[{&quot;id&quot;:251,&quot;url&quot;:&quot;http:\\\/\\\/prawnik.bartoszlewandowski.com.pl\\\/wp-content\\\/uploads\\\/2025\\\/07\\\/8bae7a72-abda-4d17-b74a-a13af182eb08.jpg.png&quot;},{&quot;id&quot;:252,&quot;url&quot;:&quot;http:\\\/\\\/prawnik.bartoszlewandowski.com.pl\\\/wp-content\\\/uploads\\\/2025\\\/07\\\/dab517f2-58be-49bd-915d-2e4da216e1d8.jpg-1.png&quot;},{&quot;id&quot;:253,&quot;url&quot;:&quot;http:\\\/\\\/prawnik.bartoszlewandowski.com.pl\\\/wp-content\\\/uploads\\\/2025\\\/07\\\/0a00d254-7f52-4fea-a391-e21b8e17a5ce.jpg-1.png&quot;}],&quot;background_slideshow_loop&quot;:&quot;yes&quot;,&quot;background_slideshow_slide_duration&quot;:5000,&quot;background_slideshow_slide_transition&quot;:&quot;fade&quot;,&quot;background_slideshow_transition_duration&quot;:500}\">\n\t\t\t\t<\/div>\n\t\t\t\t<\/div>\n\t\t\t\t<\/div>\n\t\t","protected":false},"excerpt":{"rendered":"<p>Czym si\u0119 zajmujemy: Prawo cywilne Sporz\u0105dzanie i analiza um\u00f3w, sprawy o zap\u0142at\u0119, odszkodowania, odpowiedzialno\u015b\u0107 cywilna. Prawo rodzinne Rozwody, alimenty, podzia\u0142 [&hellip;]<\/p>\n","protected":false},"author":1,"featured_media":0,"parent":0,"menu_order":0,"comment_status":"closed","ping_status":"closed","template":"","meta":{"site-sidebar-layout":"no-sidebar","site-content-layout":"","ast-site-content-layout":"full-width-container","site-content-style":"default","site-sidebar-style":"default","ast-global-header-display":"","ast-banner-title-visibility":"","ast-main-header-display":"","ast-hfb-above-header-display":"","ast-hfb-below-header-display":"","ast-hfb-mobile-header-display":"","site-post-title":"disabled","ast-breadcrumbs-content":"","ast-featured-img":"disabled","footer-sml-layout":"","theme-transparent-header-meta":"","adv-header-id-meta":"","stick-header-meta":"","header-above-stick-meta":"","header-main-stick-meta":"","header-below-stick-meta":"","astra-migrate-meta-layouts":"default","ast-page-background-enabled":"default","ast-page-background-meta":{"desktop":{"background-color":"var(--ast-global-color-5)","background-image":"","background-repeat":"repeat","background-position":"center center","background-size":"auto","background-attachment":"scroll","background-type":"","background-media":"","overlay-type":"","overlay-color":"","overlay-opacity":"","overlay-gradient":""},"tablet":{"background-color":"","background-image":"","background-repeat":"repeat","background-position":"center center","background-size":"auto","background-attachment":"scroll","background-type":"","background-media":"","overlay-type":"","overlay-color":"","overlay-opacity":"","overlay-gradient":""},"mobile":{"background-color":"","background-image":"","background-repeat":"repeat","background-position":"center center","background-size":"auto","background-attachment":"scroll","background-type":"","background-media":"","overlay-type":"","overlay-color":"","overlay-opacity":"","overlay-gradient":""}},"ast-content-background-meta":{"desktop":{"background-color":"var(--ast-global-color-4)","background-image":"","background-repeat":"repeat","background-position":"center center","background-size":"auto","background-attachment":"scroll","background-type":"","background-media":"","overlay-type":"","overlay-color":"","overlay-opacity":"","overlay-gradient":""},"tablet":{"background-color":"var(--ast-global-color-4)","background-image":"","background-repeat":"repeat","background-position":"center center","background-size":"auto","background-attachment":"scroll","background-type":"","background-media":"","overlay-type":"","overlay-color":"","overlay-opacity":"","overlay-gradient":""},"mobile":{"background-color":"var(--ast-global-color-4)","background-image":"","background-repeat":"repeat","background-position":"center center","background-size":"auto","background-attachment":"scroll","background-type":"","background-media":"","overlay-type":"","overlay-color":"","overlay-opacity":"","overlay-gradient":""}},"footnotes":""},"class_list":["post-89","page","type-page","status-publish","hentry"],"_links":{"self":[{"href":"https:\/\/prawnik.bartoszlewandowski.com.pl\/index.php?rest_route=\/wp\/v2\/pages\/89","targetHints":{"allow":["GET"]}}],"collection":[{"href":"https:\/\/prawnik.bartoszlewandowski.com.pl\/index.php?rest_route=\/wp\/v2\/pages"}],"about":[{"href":"https:\/\/prawnik.bartoszlewandowski.com.pl\/index.php?rest_route=\/wp\/v2\/types\/page"}],"author":[{"embeddable":true,"href":"https:\/\/prawnik.bartoszlewandowski.com.pl\/index.php?rest_route=\/wp\/v2\/users\/1"}],"replies":[{"embeddable":true,"href":"https:\/\/prawnik.bartoszlewandowski.com.pl\/index.php?rest_route=%2Fwp%2Fv2%2Fcomments&post=89"}],"version-history":[{"count":7,"href":"https:\/\/prawnik.bartoszlewandowski.com.pl\/index.php?rest_route=\/wp\/v2\/pages\/89\/revisions"}],"predecessor-version":[{"id":261,"href":"https:\/\/prawnik.bartoszlewandowski.com.pl\/index.php?rest_route=\/wp\/v2\/pages\/89\/revisions\/261"}],"wp:attachment":[{"href":"https:\/\/prawnik.bartoszlewandowski.com.pl\/index.php?rest_route=%2Fwp%2Fv2%2Fmedia&parent=89"}],"curies":[{"name":"wp","href":"https:\/\/api.w.org\/{rel}","templated":true}]}}